{"id":790,"date":"2021-03-28T22:50:52","date_gmt":"2021-03-28T20:50:52","guid":{"rendered":"http:\/\/rusztowania-szalunki.jgora.pl\/?page_id=790"},"modified":"2021-08-31T08:24:02","modified_gmt":"2021-08-31T06:24:02","slug":"elementor-790","status":"publish","type":"page","link":"https:\/\/rusztowania-szalunki.jgora.pl\/?page_id=790","title":{"rendered":"Jak dzia\u0142amy"},"content":{"rendered":"\t\t<div data-elementor-type=\"wp-page\" data-elementor-id=\"790\" class=\"elementor elementor-790\">\n\t\t\t\t\t\t\t\t\t<section class=\"elementor-section elementor-top-section elementor-element elementor-element-1a3206d0 elementor-section-boxed elementor-section-height-default elementor-section-height-default\" data-id=\"1a3206d0\" data-element_type=\"section\">\n\t\t\t\t\t\t<div class=\"elementor-container elementor-column-gap-default\">\n\t\t\t\t\t<div class=\"elementor-column elementor-col-100 elementor-top-column elementor-element elementor-element-6e83f2cb\" data-id=\"6e83f2cb\" data-element_type=\"column\">\n\t\t\t<div class=\"elementor-widget-wrap elementor-element-populated\">\n\t\t\t\t\t\t\t\t<div class=\"elementor-element elementor-element-0c70d58 elementor-widget elementor-widget-image\" data-id=\"0c70d58\" data-element_type=\"widget\" data-widget_type=\"image.default\">\n\t\t\t\t<div class=\"elementor-widget-container\">\n\t\t\t\t\t\t\t\t\t\t\t\t\t\t\t<img decoding=\"async\" src=\"https:\/\/rusztowania-szalunki.jgora.pl\/wp-content\/uploads\/2021\/04\/crop-architect-opening-blueprint-scaled-e1618169330589.jpg\" title=\"crop-architect-opening-blueprint\" alt=\"crop-architect-opening-blueprint\" loading=\"lazy\" \/>\t\t\t\t\t\t\t\t\t\t\t\t\t\t\t<\/div>\n\t\t\t\t<\/div>\n\t\t\t\t\t<\/div>\n\t\t<\/div>\n\t\t\t\t\t\t\t<\/div>\n\t\t<\/section>\n\t\t\t\t<section class=\"elementor-section elementor-top-section elementor-element elementor-element-8c01616 elementor-section-boxed elementor-section-height-default elementor-section-height-default\" data-id=\"8c01616\" data-element_type=\"section\">\n\t\t\t\t\t\t<div class=\"elementor-container elementor-column-gap-default\">\n\t\t\t\t\t<div class=\"elementor-column elementor-col-100 elementor-top-column elementor-element elementor-element-cb21ea6\" data-id=\"cb21ea6\" data-element_type=\"column\">\n\t\t\t<div class=\"elementor-widget-wrap elementor-element-populated\">\n\t\t\t\t\t\t\t\t<div class=\"elementor-element elementor-element-42e393b elementor-widget elementor-widget-text-editor\" data-id=\"42e393b\" data-element_type=\"widget\" data-widget_type=\"text-editor.default\">\n\t\t\t\t<div class=\"elementor-widget-container\">\n\t\t\t\t\t\t\t<p>W tym miejscu dowiesz si\u0119 jak przebiega proces zamawiania i jego realizacja oraz jak i kiedy zako\u0144czy\u0107 wynajem.<\/p>\t\t\t\t\t\t<\/div>\n\t\t\t\t<\/div>\n\t\t\t\t<div class=\"elementor-element elementor-element-87f3338 elementor-tabs-view-horizontal elementor-widget elementor-widget-tabs\" data-id=\"87f3338\" data-element_type=\"widget\" data-widget_type=\"tabs.default\">\n\t\t\t\t<div class=\"elementor-widget-container\">\n\t\t\t\t\t<div class=\"elementor-tabs\">\n\t\t\t<div class=\"elementor-tabs-wrapper\" role=\"tablist\" >\n\t\t\t\t\t\t\t\t\t<div id=\"elementor-tab-title-1421\" class=\"elementor-tab-title elementor-tab-desktop-title\" aria-selected=\"true\" data-tab=\"1\" role=\"tab\" tabindex=\"0\" aria-controls=\"elementor-tab-content-1421\" aria-expanded=\"false\">Z\u0142\u00f3\u017c zam\u00f3wienie<\/div>\n\t\t\t\t\t\t\t\t\t<div id=\"elementor-tab-title-1422\" class=\"elementor-tab-title elementor-tab-desktop-title\" aria-selected=\"false\" data-tab=\"2\" role=\"tab\" tabindex=\"-1\" aria-controls=\"elementor-tab-content-1422\" aria-expanded=\"false\">Wycena wynajmu<\/div>\n\t\t\t\t\t\t\t\t\t<div id=\"elementor-tab-title-1423\" class=\"elementor-tab-title elementor-tab-desktop-title\" aria-selected=\"false\" data-tab=\"3\" role=\"tab\" tabindex=\"-1\" aria-controls=\"elementor-tab-content-1423\" aria-expanded=\"false\">Podpisanie dokument\u00f3w<\/div>\n\t\t\t\t\t\t\t\t\t<div id=\"elementor-tab-title-1424\" class=\"elementor-tab-title elementor-tab-desktop-title\" aria-selected=\"false\" data-tab=\"4\" role=\"tab\" tabindex=\"-1\" aria-controls=\"elementor-tab-content-1424\" aria-expanded=\"false\">Wydane towaru<\/div>\n\t\t\t\t\t\t\t\t\t<div id=\"elementor-tab-title-1425\" class=\"elementor-tab-title elementor-tab-desktop-title\" aria-selected=\"false\" data-tab=\"5\" role=\"tab\" tabindex=\"-1\" aria-controls=\"elementor-tab-content-1425\" aria-expanded=\"false\">Obs\u0142uga i zako\u0144czenie <\/div>\n\t\t\t\t\t\t\t<\/div>\n\t\t\t<div class=\"elementor-tabs-content-wrapper\" role=\"tablist\" aria-orientation=\"vertical\">\n\t\t\t\t\t\t\t\t\t<div class=\"elementor-tab-title elementor-tab-mobile-title\" aria-selected=\"true\" data-tab=\"1\" role=\"tab\" tabindex=\"0\" aria-controls=\"elementor-tab-content-1421\" aria-expanded=\"false\">Z\u0142\u00f3\u017c zam\u00f3wienie<\/div>\n\t\t\t\t\t<div id=\"elementor-tab-content-1421\" class=\"elementor-tab-content elementor-clearfix\" data-tab=\"1\" role=\"tabpanel\" aria-labelledby=\"elementor-tab-title-1421\" tabindex=\"0\" hidden=\"false\"><p>Wy\u015blij zapytanie korzystaj\u0105c z formularza w zak\u0142adce KONTAKT lub dostarcz projekt osobi\u015bcie. Okre\u015bl typ inwestycji i zakres pracy. Za\u0142\u0105cz dane inwestycji, dane zamawiaj\u0105cego oraz harmonogram prac.<\/p><\/div>\n\t\t\t\t\t\t\t\t\t<div class=\"elementor-tab-title elementor-tab-mobile-title\" aria-selected=\"false\" data-tab=\"2\" role=\"tab\" tabindex=\"-1\" aria-controls=\"elementor-tab-content-1422\" aria-expanded=\"false\">Wycena wynajmu<\/div>\n\t\t\t\t\t<div id=\"elementor-tab-content-1422\" class=\"elementor-tab-content elementor-clearfix\" data-tab=\"2\" role=\"tabpanel\" aria-labelledby=\"elementor-tab-title-1422\" tabindex=\"0\" hidden=\"hidden\"><p>Krok drugi to dob\u00f3r systemu i wycena inwestycji. Wsp\u00f3lnie dobieramy najlepszy system dla Twojej budowy. Przedstawiamy wycen\u0119 i zakres towaru, kt\u00f3ry b\u0119dzie potrzebny podczas budowy.<\/p><\/div>\n\t\t\t\t\t\t\t\t\t<div class=\"elementor-tab-title elementor-tab-mobile-title\" aria-selected=\"false\" data-tab=\"3\" role=\"tab\" tabindex=\"-1\" aria-controls=\"elementor-tab-content-1423\" aria-expanded=\"false\">Podpisanie dokument\u00f3w<\/div>\n\t\t\t\t\t<div id=\"elementor-tab-content-1423\" class=\"elementor-tab-content elementor-clearfix\" data-tab=\"3\" role=\"tabpanel\" aria-labelledby=\"elementor-tab-title-1423\" tabindex=\"0\" hidden=\"hidden\"><p>Trzeci etap jest potwierdzeniem wykonania realizacji. Po akceptacji oferty pozostaje podpisanie pe\u0142nej dokumentacji: Umowy Dzier\u017cawy, podpisanie Oferty i wp\u0142ata ustalonej wcze\u015bniej kaucji.<\/p><\/div>\n\t\t\t\t\t\t\t\t\t<div class=\"elementor-tab-title elementor-tab-mobile-title\" aria-selected=\"false\" data-tab=\"4\" role=\"tab\" tabindex=\"-1\" aria-controls=\"elementor-tab-content-1424\" aria-expanded=\"false\">Wydane towaru<\/div>\n\t\t\t\t\t<div id=\"elementor-tab-content-1424\" class=\"elementor-tab-content elementor-clearfix\" data-tab=\"4\" role=\"tabpanel\" aria-labelledby=\"elementor-tab-title-1424\" tabindex=\"0\" hidden=\"hidden\"><p>Przygotowujemy towar i umawiamy termin odbioru. Mo\u017cemy r\u00f3wnie\u017c pom\u00f3c w organizacji transportu. Wsp\u00f3\u0142pracujemy z firmami transportowymi specjalizuj\u0105cymi si\u0119 w przewozie szalunk\u00f3w.<\/p><\/div>\n\t\t\t\t\t\t\t\t\t<div class=\"elementor-tab-title elementor-tab-mobile-title\" aria-selected=\"false\" data-tab=\"5\" role=\"tab\" tabindex=\"-1\" aria-controls=\"elementor-tab-content-1425\" aria-expanded=\"false\">Obs\u0142uga i zako\u0144czenie <\/div>\n\t\t\t\t\t<div id=\"elementor-tab-content-1425\" class=\"elementor-tab-content elementor-clearfix\" data-tab=\"5\" role=\"tabpanel\" aria-labelledby=\"elementor-tab-title-1425\" tabindex=\"0\" hidden=\"hidden\"><p>W trakcie trwania inwestycji mo\u017cesz domawia\u0107 lub wymienia\u0107 towar. W tym czasie jeste\u015bmy r\u00f3wnie\u017c do Twojej dyspozycji . Po sko\u0144czonej inwestycji nale\u017cy zwr\u00f3ci\u0107 towar na magazyn z kt\u00f3rego zosta\u0142 wydany.<\/p><\/div>\n\t\t\t\t\t\t\t<\/div>\n\t\t<\/div>\n\t\t\t\t<\/div>\n\t\t\t\t<\/div>\n\t\t\t\t\t<\/div>\n\t\t<\/div>\n\t\t\t\t\t\t\t<\/div>\n\t\t<\/section>\n\t\t\t\t\t\t\t<\/div>\n\t\t","protected":false},"excerpt":{"rendered":"<p>W tym miejscu dowiesz si\u0119 jak przebiega proces zamawiania i jego realizacja oraz jak i kiedy zako\u0144czy\u0107 wynajem. Z\u0142\u00f3\u017c zam\u00f3wienie Wycena wynajmu Podpisanie dokument\u00f3w Wydane towaru Obs\u0142uga i zako\u0144czenie Z\u0142\u00f3\u017c zam\u00f3wienie Wy\u015blij zapytanie korzystaj\u0105c z formularza w zak\u0142adce KONTAKT lub<\/p>\n","protected":false},"author":1,"featured_media":256,"parent":0,"menu_order":0,"comment_status":"closed","ping_status":"closed","template":"templates\/builder-fullwidth-std.php","meta":{"footnotes":""},"class_list":["post-790","page","type-page","status-publish","has-post-thumbnail","hentry"],"_links":{"self":[{"href":"https:\/\/rusztowania-szalunki.jgora.pl\/index.php?rest_route=\/wp\/v2\/pages\/790","targetHints":{"allow":["GET"]}}],"collection":[{"href":"https:\/\/rusztowania-szalunki.jgora.pl\/index.php?rest_route=\/wp\/v2\/pages"}],"about":[{"href":"https:\/\/rusztowania-szalunki.jgora.pl\/index.php?rest_route=\/wp\/v2\/types\/page"}],"author":[{"embeddable":true,"href":"https:\/\/rusztowania-szalunki.jgora.pl\/index.php?rest_route=\/wp\/v2\/users\/1"}],"replies":[{"embeddable":true,"href":"https:\/\/rusztowania-szalunki.jgora.pl\/index.php?rest_route=%2Fwp%2Fv2%2Fcomments&post=790"}],"version-history":[{"count":37,"href":"https:\/\/rusztowania-szalunki.jgora.pl\/index.php?rest_route=\/wp\/v2\/pages\/790\/revisions"}],"predecessor-version":[{"id":971,"href":"https:\/\/rusztowania-szalunki.jgora.pl\/index.php?rest_route=\/wp\/v2\/pages\/790\/revisions\/971"}],"wp:featuredmedia":[{"embeddable":true,"href":"https:\/\/rusztowania-szalunki.jgora.pl\/index.php?rest_route=\/wp\/v2\/media\/256"}],"wp:attachment":[{"href":"https:\/\/rusztowania-szalunki.jgora.pl\/index.php?rest_route=%2Fwp%2Fv2%2Fmedia&parent=790"}],"curies":[{"name":"wp","href":"https:\/\/api.w.org\/{rel}","templated":true}]}}